{"id":13565,"date":"2023-04-19T12:46:57","date_gmt":"2023-04-19T10:46:57","guid":{"rendered":"https:\/\/agentur.goldstueck.com\/pr-marketing\/"},"modified":"2023-04-19T12:51:06","modified_gmt":"2023-04-19T10:51:06","slug":"pr-marketing","status":"publish","type":"page","link":"https:\/\/agentur.goldstueck.com\/en\/pr-marketing\/","title":{"rendered":"PR &#038; Marketing"},"content":{"rendered":"<h3><img decoding=\"async\" class=\"alignnone wp-image-8309 size-full\" src=\"https:\/\/agentur.goldstueck.com\/wp-content\/uploads\/2023\/03\/Bildschirmfoto-2023-03-03-um-13.03.19.png\" alt=\"\" width=\"1051\" height=\"609\" \/><\/h3>\n<h3><\/h3>\n<h3>PR, social media and marketing for beauty brands<\/h3>\n<p>Goldst\u00fcck is a boutique agency for communication and marketing that specialises in owner-managed beauty companies in the premium and luxury sector.<\/p>\n<p>We develop communication strategies that are perfectly tailored to the client and that completely cover the area of social media in addition to classic PR measures.<br \/>\nWe have our own influencer database with over 900 international beauty influencers with whom we develop great campaigns.<\/p>\n<p>After having been successfully operating in the DACH region since 2012 we are gradually expanding our services into continental Europe since 2021- we currently operate in Spain, Italy, the Netherlands and France.<\/p>\n<p>In the very dynamic beauty industry, we work primarily with owner-managed companies from Germany and abroad that are in a phase of constant growth and expansion. Thus, we know many of the owners of the companies personally and are well aware of the challenges in an industry dominated by corporations.<\/p>\n<p>It is essential for niche brands to have a presence offline and online. This is achieved on the one hand with mentions of one&#8217;s own company in print, online and social media, but also with one&#8217;s own blogs and social media activities.<\/p>\n<p>Goldst\u00fcck founder Andrea Steiner started her professional career in 2000 at ClusterConsulting (now Oliver Wyman), a strategy consultancy that was already exclusively dedicated to digital communication. As a &#8220;digital citizen&#8221; from the very beginning, she deals intensively with communication and marketing via online and social media but also with active sales promotion.<\/p>\n<p>Thanks to our wealth of experience and our excellent network in the lifestyle and PR sector, we have developed measures that allow even small companies with a low marketing budget to show presence and build their brand &#8211; feel free to contact us for more information.<\/p>\n<p>Our services include the spectrum of classic communication and press work<\/p>\n<p>Complete consulting in all questions of communication<br \/>\nDevelopment of PR strategies and individual PR concepts<br \/>\nConception and realisation of PR measures<br \/>\nProduct PR and brand building<br \/>\nClassic press relations for print and online media<br \/>\nBlogger relations<br \/>\nSupport of social media channels such as Facebook and Instagram<br \/>\nSocial media cooperations<br \/>\nMedia productions<br \/>\nEvents for the classic media and for social media influencers<br \/>\nPress trips, press meetings and conferences<br \/>\nMarketing<br \/>\nFor numerous brands we are responsible for PoS marketing in the stores in German-speaking countries<\/p>\n","protected":false},"excerpt":{"rendered":"<p>PR, social media and marketing for beauty brands Goldst\u00fcck is a boutique agency for communication and marketing that specialises in owner-managed beauty companies in the premium and luxury sector. We develop communication strategies that are perfectly tailored to the client and that completely cover the area of social media in addition to classic PR measures. [&hellip;]<\/p>\n","protected":false},"author":1,"featured_media":0,"parent":0,"menu_order":0,"comment_status":"closed","ping_status":"closed","template":"","meta":{"_acf_changed":false,"_monsterinsights_skip_tracking":false,"_monsterinsights_sitenote_active":false,"_monsterinsights_sitenote_note":"","_monsterinsights_sitenote_category":0,"footnotes":""},"class_list":["post-13565","page","type-page","status-publish","hentry"],"acf":[],"yoast_head":"<!-- This site is optimized with the Yoast SEO plugin v26.6 - https:\/\/yoast.com\/wordpress\/plugins\/seo\/ -->\n<title>Goldst\u00fcck: PR-Agentur f\u00fcr Beautymarken Premium- und Luxus Bereich<\/title>\n<meta name=\"description\" content=\"Goldst\u00fcck ist eine inhabergef\u00fchrte Agentur f\u00fcr PR und Marketing. Unser Portfolio besteht aus inhabergef\u00fchrten Beauty-Marken im Premium- und Luxussegment\" \/>\n<meta name=\"robots\" content=\"index, follow, max-snippet:-1, max-image-preview:large, max-video-preview:-1\" \/>\n<link rel=\"canonical\" href=\"https:\/\/agentur.goldstueck.com\/en\/pr-marketing\/\" \/>\n<meta property=\"og:locale\" content=\"en_US\" \/>\n<meta property=\"og:type\" content=\"article\" \/>\n<meta property=\"og:title\" content=\"Goldst\u00fcck: PR-Agentur f\u00fcr Beautymarken Premium- und Luxus Bereich\" \/>\n<meta property=\"og:description\" content=\"Goldst\u00fcck ist eine inhabergef\u00fchrte Agentur f\u00fcr PR und Marketing. Unser Portfolio besteht aus inhabergef\u00fchrten Beauty-Marken im Premium- und Luxussegment\" \/>\n<meta property=\"og:url\" content=\"https:\/\/agentur.goldstueck.com\/en\/pr-marketing\/\" \/>\n<meta property=\"og:site_name\" content=\"Goldst\u00fcck Agentur\" \/>\n<meta property=\"article:modified_time\" content=\"2023-04-19T10:51:06+00:00\" \/>\n<meta property=\"og:image\" content=\"https:\/\/agentur.goldstueck.com\/wp-content\/uploads\/2023\/03\/Bildschirmfoto-2023-03-03-um-13.03.19.png\" \/>\n<meta name=\"twitter:card\" content=\"summary_large_image\" \/>\n<meta name=\"twitter:label1\" content=\"Est. reading time\" \/>\n\t<meta name=\"twitter:data1\" content=\"2 minutes\" \/>\n<script type=\"application\/ld+json\" class=\"yoast-schema-graph\">{\"@context\":\"https:\/\/schema.org\",\"@graph\":[{\"@type\":\"WebPage\",\"@id\":\"https:\/\/agentur.goldstueck.com\/en\/pr-marketing\/\",\"url\":\"https:\/\/agentur.goldstueck.com\/en\/pr-marketing\/\",\"name\":\"Goldst\u00fcck: PR-Agentur f\u00fcr Beautymarken Premium- und Luxus Bereich\",\"isPartOf\":{\"@id\":\"https:\/\/agentur.goldstueck.com\/#website\"},\"primaryImageOfPage\":{\"@id\":\"https:\/\/agentur.goldstueck.com\/en\/pr-marketing\/#primaryimage\"},\"image\":{\"@id\":\"https:\/\/agentur.goldstueck.com\/en\/pr-marketing\/#primaryimage\"},\"thumbnailUrl\":\"https:\/\/agentur.goldstueck.com\/wp-content\/uploads\/2023\/03\/Bildschirmfoto-2023-03-03-um-13.03.19.png\",\"datePublished\":\"2023-04-19T10:46:57+00:00\",\"dateModified\":\"2023-04-19T10:51:06+00:00\",\"description\":\"Goldst\u00fcck ist eine inhabergef\u00fchrte Agentur f\u00fcr PR und Marketing. Unser Portfolio besteht aus inhabergef\u00fchrten Beauty-Marken im Premium- und Luxussegment\",\"inLanguage\":\"en-US\",\"potentialAction\":[{\"@type\":\"ReadAction\",\"target\":[\"https:\/\/agentur.goldstueck.com\/en\/pr-marketing\/\"]}]},{\"@type\":\"ImageObject\",\"inLanguage\":\"en-US\",\"@id\":\"https:\/\/agentur.goldstueck.com\/en\/pr-marketing\/#primaryimage\",\"url\":\"https:\/\/agentur.goldstueck.com\/wp-content\/uploads\/2023\/03\/Bildschirmfoto-2023-03-03-um-13.03.19.png\",\"contentUrl\":\"https:\/\/agentur.goldstueck.com\/wp-content\/uploads\/2023\/03\/Bildschirmfoto-2023-03-03-um-13.03.19.png\"},{\"@type\":\"WebSite\",\"@id\":\"https:\/\/agentur.goldstueck.com\/#website\",\"url\":\"https:\/\/agentur.goldstueck.com\/\",\"name\":\"Goldst\u00fcck Agentur\",\"description\":\"PR, Influencer Relations, Marketing in Deutschland, DACH, Benelux, Polen\",\"potentialAction\":[{\"@type\":\"SearchAction\",\"target\":{\"@type\":\"EntryPoint\",\"urlTemplate\":\"https:\/\/agentur.goldstueck.com\/?s={search_term_string}\"},\"query-input\":{\"@type\":\"PropertyValueSpecification\",\"valueRequired\":true,\"valueName\":\"search_term_string\"}}],\"inLanguage\":\"en-US\"}]}<\/script>\n<!-- \/ Yoast SEO plugin. -->","yoast_head_json":{"title":"Goldst\u00fcck: PR-Agentur f\u00fcr Beautymarken Premium- und Luxus Bereich","description":"Goldst\u00fcck ist eine inhabergef\u00fchrte Agentur f\u00fcr PR und Marketing. Unser Portfolio besteht aus inhabergef\u00fchrten Beauty-Marken im Premium- und Luxussegment","robots":{"index":"index","follow":"follow","max-snippet":"max-snippet:-1","max-image-preview":"max-image-preview:large","max-video-preview":"max-video-preview:-1"},"canonical":"https:\/\/agentur.goldstueck.com\/en\/pr-marketing\/","og_locale":"en_US","og_type":"article","og_title":"Goldst\u00fcck: PR-Agentur f\u00fcr Beautymarken Premium- und Luxus Bereich","og_description":"Goldst\u00fcck ist eine inhabergef\u00fchrte Agentur f\u00fcr PR und Marketing. Unser Portfolio besteht aus inhabergef\u00fchrten Beauty-Marken im Premium- und Luxussegment","og_url":"https:\/\/agentur.goldstueck.com\/en\/pr-marketing\/","og_site_name":"Goldst\u00fcck Agentur","article_modified_time":"2023-04-19T10:51:06+00:00","og_image":[{"url":"https:\/\/agentur.goldstueck.com\/wp-content\/uploads\/2023\/03\/Bildschirmfoto-2023-03-03-um-13.03.19.png","type":"","width":"","height":""}],"twitter_card":"summary_large_image","twitter_misc":{"Est. reading time":"2 minutes"},"schema":{"@context":"https:\/\/schema.org","@graph":[{"@type":"WebPage","@id":"https:\/\/agentur.goldstueck.com\/en\/pr-marketing\/","url":"https:\/\/agentur.goldstueck.com\/en\/pr-marketing\/","name":"Goldst\u00fcck: PR-Agentur f\u00fcr Beautymarken Premium- und Luxus Bereich","isPartOf":{"@id":"https:\/\/agentur.goldstueck.com\/#website"},"primaryImageOfPage":{"@id":"https:\/\/agentur.goldstueck.com\/en\/pr-marketing\/#primaryimage"},"image":{"@id":"https:\/\/agentur.goldstueck.com\/en\/pr-marketing\/#primaryimage"},"thumbnailUrl":"https:\/\/agentur.goldstueck.com\/wp-content\/uploads\/2023\/03\/Bildschirmfoto-2023-03-03-um-13.03.19.png","datePublished":"2023-04-19T10:46:57+00:00","dateModified":"2023-04-19T10:51:06+00:00","description":"Goldst\u00fcck ist eine inhabergef\u00fchrte Agentur f\u00fcr PR und Marketing. Unser Portfolio besteht aus inhabergef\u00fchrten Beauty-Marken im Premium- und Luxussegment","inLanguage":"en-US","potentialAction":[{"@type":"ReadAction","target":["https:\/\/agentur.goldstueck.com\/en\/pr-marketing\/"]}]},{"@type":"ImageObject","inLanguage":"en-US","@id":"https:\/\/agentur.goldstueck.com\/en\/pr-marketing\/#primaryimage","url":"https:\/\/agentur.goldstueck.com\/wp-content\/uploads\/2023\/03\/Bildschirmfoto-2023-03-03-um-13.03.19.png","contentUrl":"https:\/\/agentur.goldstueck.com\/wp-content\/uploads\/2023\/03\/Bildschirmfoto-2023-03-03-um-13.03.19.png"},{"@type":"WebSite","@id":"https:\/\/agentur.goldstueck.com\/#website","url":"https:\/\/agentur.goldstueck.com\/","name":"Goldst\u00fcck Agentur","description":"PR, Influencer Relations, Marketing in Deutschland, DACH, Benelux, Polen","potentialAction":[{"@type":"SearchAction","target":{"@type":"EntryPoint","urlTemplate":"https:\/\/agentur.goldstueck.com\/?s={search_term_string}"},"query-input":{"@type":"PropertyValueSpecification","valueRequired":true,"valueName":"search_term_string"}}],"inLanguage":"en-US"}]}},"_links":{"self":[{"href":"https:\/\/agentur.goldstueck.com\/en\/wp-json\/wp\/v2\/pages\/13565","targetHints":{"allow":["GET"]}}],"collection":[{"href":"https:\/\/agentur.goldstueck.com\/en\/wp-json\/wp\/v2\/pages"}],"about":[{"href":"https:\/\/agentur.goldstueck.com\/en\/wp-json\/wp\/v2\/types\/page"}],"author":[{"embeddable":true,"href":"https:\/\/agentur.goldstueck.com\/en\/wp-json\/wp\/v2\/users\/1"}],"replies":[{"embeddable":true,"href":"https:\/\/agentur.goldstueck.com\/en\/wp-json\/wp\/v2\/comments?post=13565"}],"version-history":[{"count":1,"href":"https:\/\/agentur.goldstueck.com\/en\/wp-json\/wp\/v2\/pages\/13565\/revisions"}],"predecessor-version":[{"id":13566,"href":"https:\/\/agentur.goldstueck.com\/en\/wp-json\/wp\/v2\/pages\/13565\/revisions\/13566"}],"wp:attachment":[{"href":"https:\/\/agentur.goldstueck.com\/en\/wp-json\/wp\/v2\/media?parent=13565"}],"curies":[{"name":"wp","href":"https:\/\/api.w.org\/{rel}","templated":true}]}}