{"id":13569,"date":"2023-04-19T13:00:33","date_gmt":"2023-04-19T11:00:33","guid":{"rendered":"https:\/\/agentur.goldstueck.com\/social-media-and-influencer-marketing\/"},"modified":"2023-04-19T13:00:33","modified_gmt":"2023-04-19T11:00:33","slug":"social-media-and-influencer-marketing","status":"publish","type":"page","link":"https:\/\/agentur.goldstueck.com\/en\/social-media-and-influencer-marketing\/","title":{"rendered":"Social Media and Influencer Marketing"},"content":{"rendered":"<p><span>We have been working with the various channels since the beginning of social media and always have the best in mind for our customers.<\/span><\/p>\n<p><span>Over the last few years we have built up our own network with more than 1000 influencers and content creators from the fields of beauty and lifestyle.\u00a0We are active in the DACH region, but also work with many talents in Italy, Spain, France and Benelux.\u00a0All influencers are personally verified by us, the database is always kept up to date and contains a lot of data on reach, engagement and brand environment.<\/span><\/p>\n<p><span>Our social media offer includes various services<\/span><\/p>\n<p><span>Paid and unpaid social media campaigns<\/span><br \/>\n<span>When developing social media campaigns, we align our strategy entirely with the brand image of the brand.\u00a0We create the briefing and storytelling<\/span><br \/>\n<span>&#8211; timing and seeding<\/span><br \/>\n<span>&#8211; approval of the content<\/span><br \/>\n<span>&#8211; payment process<\/span><br \/>\n<span>&#8211; reporting and analysis[:en]<\/span><\/p>\n<div><span>We created our own database of more than 1000 beauty influencers in Continental Europe that we personally verified and keep updated at all times<\/span><\/div>\n<div><span>_Creation of paid and unpaid social media campaigns<\/span><\/div>\n<div><span>_Development of the briefing and storytelling<\/span><\/div>\n<div><span>_Timing and seeding<\/span><\/div>\n<div><span>_Content approval<\/span><\/div>\n<div><span>_Payment process<\/span><\/div>\n<div><span>_Reporting and analysis<\/span><\/div>\n","protected":false},"excerpt":{"rendered":"<p>We have been working with the various channels since the beginning of social media and always have the best in mind for our customers. Over the last few years we have built up our own network with more than 1000 influencers and content creators from the fields of beauty and lifestyle.\u00a0We are active in the [&hellip;]<\/p>\n","protected":false},"author":1,"featured_media":0,"parent":0,"menu_order":0,"comment_status":"closed","ping_status":"closed","template":"","meta":{"_acf_changed":false,"_monsterinsights_skip_tracking":false,"_monsterinsights_sitenote_active":false,"_monsterinsights_sitenote_note":"","_monsterinsights_sitenote_category":0,"footnotes":""},"class_list":["post-13569","page","type-page","status-publish","hentry"],"acf":[],"yoast_head":"<!-- This site is optimized with the Yoast SEO plugin v26.6 - https:\/\/yoast.com\/wordpress\/plugins\/seo\/ -->\n<title>Social Media - organische und bezahlte Kampagnen von Goldst\u00fcck<\/title>\n<meta name=\"description\" content=\"Die Goldst\u00fcck Agentur hat ein Netzwerk mit &gt;1000 nationalen und internationalen Beauty-Influencern f\u00fcr organische Seedings und bezahlte Infuencer Kampagnen.\" \/>\n<meta name=\"robots\" content=\"index, follow, max-snippet:-1, max-image-preview:large, max-video-preview:-1\" \/>\n<link rel=\"canonical\" href=\"https:\/\/agentur.goldstueck.com\/en\/social-media-and-influencer-marketing\/\" \/>\n<meta property=\"og:locale\" content=\"en_US\" \/>\n<meta property=\"og:type\" content=\"article\" \/>\n<meta property=\"og:title\" content=\"Social Media - organische und bezahlte Kampagnen von Goldst\u00fcck\" \/>\n<meta property=\"og:description\" content=\"Die Goldst\u00fcck Agentur hat ein Netzwerk mit &gt;1000 nationalen und internationalen Beauty-Influencern f\u00fcr organische Seedings und bezahlte Infuencer Kampagnen.\" \/>\n<meta property=\"og:url\" content=\"https:\/\/agentur.goldstueck.com\/en\/social-media-and-influencer-marketing\/\" \/>\n<meta property=\"og:site_name\" content=\"Goldst\u00fcck Agentur\" \/>\n<meta name=\"twitter:card\" content=\"summary_large_image\" \/>\n<meta name=\"twitter:label1\" content=\"Est. reading time\" \/>\n\t<meta name=\"twitter:data1\" content=\"1 minute\" \/>\n<script type=\"application\/ld+json\" class=\"yoast-schema-graph\">{\"@context\":\"https:\/\/schema.org\",\"@graph\":[{\"@type\":\"WebPage\",\"@id\":\"https:\/\/agentur.goldstueck.com\/en\/social-media-and-influencer-marketing\/\",\"url\":\"https:\/\/agentur.goldstueck.com\/en\/social-media-and-influencer-marketing\/\",\"name\":\"Social Media - organische und bezahlte Kampagnen von Goldst\u00fcck\",\"isPartOf\":{\"@id\":\"https:\/\/agentur.goldstueck.com\/#website\"},\"datePublished\":\"2023-04-19T11:00:33+00:00\",\"description\":\"Die Goldst\u00fcck Agentur hat ein Netzwerk mit >1000 nationalen und internationalen Beauty-Influencern f\u00fcr organische Seedings und bezahlte Infuencer Kampagnen.\",\"inLanguage\":\"en-US\",\"potentialAction\":[{\"@type\":\"ReadAction\",\"target\":[\"https:\/\/agentur.goldstueck.com\/en\/social-media-and-influencer-marketing\/\"]}]},{\"@type\":\"WebSite\",\"@id\":\"https:\/\/agentur.goldstueck.com\/#website\",\"url\":\"https:\/\/agentur.goldstueck.com\/\",\"name\":\"Goldst\u00fcck Agentur\",\"description\":\"PR, Influencer Relations, Marketing in Deutschland, DACH, Benelux, Polen\",\"potentialAction\":[{\"@type\":\"SearchAction\",\"target\":{\"@type\":\"EntryPoint\",\"urlTemplate\":\"https:\/\/agentur.goldstueck.com\/?s={search_term_string}\"},\"query-input\":{\"@type\":\"PropertyValueSpecification\",\"valueRequired\":true,\"valueName\":\"search_term_string\"}}],\"inLanguage\":\"en-US\"}]}<\/script>\n<!-- \/ Yoast SEO plugin. -->","yoast_head_json":{"title":"Social Media - organische und bezahlte Kampagnen von Goldst\u00fcck","description":"Die Goldst\u00fcck Agentur hat ein Netzwerk mit >1000 nationalen und internationalen Beauty-Influencern f\u00fcr organische Seedings und bezahlte Infuencer Kampagnen.","robots":{"index":"index","follow":"follow","max-snippet":"max-snippet:-1","max-image-preview":"max-image-preview:large","max-video-preview":"max-video-preview:-1"},"canonical":"https:\/\/agentur.goldstueck.com\/en\/social-media-and-influencer-marketing\/","og_locale":"en_US","og_type":"article","og_title":"Social Media - organische und bezahlte Kampagnen von Goldst\u00fcck","og_description":"Die Goldst\u00fcck Agentur hat ein Netzwerk mit >1000 nationalen und internationalen Beauty-Influencern f\u00fcr organische Seedings und bezahlte Infuencer Kampagnen.","og_url":"https:\/\/agentur.goldstueck.com\/en\/social-media-and-influencer-marketing\/","og_site_name":"Goldst\u00fcck Agentur","twitter_card":"summary_large_image","twitter_misc":{"Est. reading time":"1 minute"},"schema":{"@context":"https:\/\/schema.org","@graph":[{"@type":"WebPage","@id":"https:\/\/agentur.goldstueck.com\/en\/social-media-and-influencer-marketing\/","url":"https:\/\/agentur.goldstueck.com\/en\/social-media-and-influencer-marketing\/","name":"Social Media - organische und bezahlte Kampagnen von Goldst\u00fcck","isPartOf":{"@id":"https:\/\/agentur.goldstueck.com\/#website"},"datePublished":"2023-04-19T11:00:33+00:00","description":"Die Goldst\u00fcck Agentur hat ein Netzwerk mit >1000 nationalen und internationalen Beauty-Influencern f\u00fcr organische Seedings und bezahlte Infuencer Kampagnen.","inLanguage":"en-US","potentialAction":[{"@type":"ReadAction","target":["https:\/\/agentur.goldstueck.com\/en\/social-media-and-influencer-marketing\/"]}]},{"@type":"WebSite","@id":"https:\/\/agentur.goldstueck.com\/#website","url":"https:\/\/agentur.goldstueck.com\/","name":"Goldst\u00fcck Agentur","description":"PR, Influencer Relations, Marketing in Deutschland, DACH, Benelux, Polen","potentialAction":[{"@type":"SearchAction","target":{"@type":"EntryPoint","urlTemplate":"https:\/\/agentur.goldstueck.com\/?s={search_term_string}"},"query-input":{"@type":"PropertyValueSpecification","valueRequired":true,"valueName":"search_term_string"}}],"inLanguage":"en-US"}]}},"_links":{"self":[{"href":"https:\/\/agentur.goldstueck.com\/en\/wp-json\/wp\/v2\/pages\/13569","targetHints":{"allow":["GET"]}}],"collection":[{"href":"https:\/\/agentur.goldstueck.com\/en\/wp-json\/wp\/v2\/pages"}],"about":[{"href":"https:\/\/agentur.goldstueck.com\/en\/wp-json\/wp\/v2\/types\/page"}],"author":[{"embeddable":true,"href":"https:\/\/agentur.goldstueck.com\/en\/wp-json\/wp\/v2\/users\/1"}],"replies":[{"embeddable":true,"href":"https:\/\/agentur.goldstueck.com\/en\/wp-json\/wp\/v2\/comments?post=13569"}],"version-history":[{"count":0,"href":"https:\/\/agentur.goldstueck.com\/en\/wp-json\/wp\/v2\/pages\/13569\/revisions"}],"wp:attachment":[{"href":"https:\/\/agentur.goldstueck.com\/en\/wp-json\/wp\/v2\/media?parent=13569"}],"curies":[{"name":"wp","href":"https:\/\/api.w.org\/{rel}","templated":true}]}}