{"id":13571,"date":"2023-04-19T13:05:54","date_gmt":"2023-04-19T11:05:54","guid":{"rendered":"https:\/\/agentur.goldstueck.com\/consulting\/"},"modified":"2023-04-19T13:05:54","modified_gmt":"2023-04-19T11:05:54","slug":"consulting","status":"publish","type":"page","link":"https:\/\/agentur.goldstueck.com\/en\/consulting\/","title":{"rendered":"Consulting"},"content":{"rendered":"<h3><span>Strategy and sustainability consulting for selected beauty and lifestyle brands<\/span><\/h3>\n<p><span>Since Goldst\u00fcck was founded in 2007, we have exclusively dealt with selected lifestyle brands and have examined their value chain in the market in detail.<\/span><\/p>\n<p><span>The owner of the Goldst\u00fcck agency\u00a0<\/span><a href=\"https:\/\/agentur.goldstueck.com\/team\/andrea-steiner-geschaeftsfuehrerin\/\"><span>Andrea Steiner<\/span><\/a><span>\u00a0has worked for four in strategy consulting (among others at Oliver Wyman) and with great pleasure and exceptional knowledge of the market advises selective beauty brands that want to position themselves in the German market.<\/span><\/p>\n<p><span>We have specialized in particular in brand strategy and sustainability consulting and CSR (Corporate Social Responsibility).<\/span><\/p>\n<h3>Strategic consulting for premium beauty- and lifestyle-brands<\/h3>\n<p>Since we founded Goldst\u00fcck in 2007 we have exclusively dealt with selective lifestyle-brands and have thoroughly analised their value chain in the German market.<\/p>\n<p>CEO<a href=\"https:\/\/agentur.goldstueck.com\/en\/team\/andrea-steiner-geschaeftsfuehrerin\/\">\u00a0Andrea Steiner\u00a0<\/a>worked several years for strategic consulting firms like Oliver Wyman. She provides strategic support to selective beauty brands looking to set foot in the German market with incomparable insight and extraordinary\u00a0 engagement. The brands she takes under her wing have never failed to suceed.<\/p>\n<p>Depending on the needs of our clients we deliver analysis and strategic support in the following fields<\/p>\n<ul>\n<li>Positioning of the brand<\/li>\n<li>Analysis of the competitive environment<\/li>\n<li>SWOT-Analysis<\/li>\n<li>Validation of the business model<\/li>\n<li>Definition of the marketing mix<\/li>\n<li>Definition of the distribution channels<\/li>\n<\/ul>\n","protected":false},"excerpt":{"rendered":"<p>Strategy and sustainability consulting for selected beauty and lifestyle brands Since Goldst\u00fcck was founded in 2007, we have exclusively dealt with selected lifestyle brands and have examined their value chain in the market in detail. The owner of the Goldst\u00fcck agency\u00a0Andrea Steiner\u00a0has worked for four in strategy consulting (among others at Oliver Wyman) and with [&hellip;]<\/p>\n","protected":false},"author":1,"featured_media":0,"parent":0,"menu_order":0,"comment_status":"closed","ping_status":"closed","template":"","meta":{"_acf_changed":false,"_monsterinsights_skip_tracking":false,"_monsterinsights_sitenote_active":false,"_monsterinsights_sitenote_note":"","_monsterinsights_sitenote_category":0,"footnotes":""},"class_list":["post-13571","page","type-page","status-publish","hentry"],"acf":[],"yoast_head":"<!-- This site is optimized with the Yoast SEO plugin v26.6 - https:\/\/yoast.com\/wordpress\/plugins\/seo\/ -->\n<title>Goldst\u00fcck - Strategie f\u00fcr selektive Beauty- und Lifestyle-Marken<\/title>\n<meta name=\"description\" content=\"Goldst\u00fcck ber\u00e4t Beauty- und Lifestyle-Marken bei der Positionierung im deutschen Markt. Wir liefern Strategie-Workshops, Markt- und Wettbewerbsanalysen.\" \/>\n<meta name=\"robots\" content=\"index, follow, max-snippet:-1, max-image-preview:large, max-video-preview:-1\" \/>\n<link rel=\"canonical\" href=\"https:\/\/agentur.goldstueck.com\/en\/consulting\/\" \/>\n<meta property=\"og:locale\" content=\"en_US\" \/>\n<meta property=\"og:type\" content=\"article\" \/>\n<meta property=\"og:title\" content=\"Goldst\u00fcck - Strategie f\u00fcr selektive Beauty- und Lifestyle-Marken\" \/>\n<meta property=\"og:description\" content=\"Goldst\u00fcck ber\u00e4t Beauty- und Lifestyle-Marken bei der Positionierung im deutschen Markt. Wir liefern Strategie-Workshops, Markt- und Wettbewerbsanalysen.\" \/>\n<meta property=\"og:url\" content=\"https:\/\/agentur.goldstueck.com\/en\/consulting\/\" \/>\n<meta property=\"og:site_name\" content=\"Goldst\u00fcck Agentur\" \/>\n<meta name=\"twitter:card\" content=\"summary_large_image\" \/>\n<meta name=\"twitter:label1\" content=\"Est. reading time\" \/>\n\t<meta name=\"twitter:data1\" content=\"1 minute\" \/>\n<script type=\"application\/ld+json\" class=\"yoast-schema-graph\">{\"@context\":\"https:\/\/schema.org\",\"@graph\":[{\"@type\":\"WebPage\",\"@id\":\"https:\/\/agentur.goldstueck.com\/en\/consulting\/\",\"url\":\"https:\/\/agentur.goldstueck.com\/en\/consulting\/\",\"name\":\"Goldst\u00fcck - Strategie f\u00fcr selektive Beauty- und Lifestyle-Marken\",\"isPartOf\":{\"@id\":\"https:\/\/agentur.goldstueck.com\/#website\"},\"datePublished\":\"2023-04-19T11:05:54+00:00\",\"description\":\"Goldst\u00fcck ber\u00e4t Beauty- und Lifestyle-Marken bei der Positionierung im deutschen Markt. Wir liefern Strategie-Workshops, Markt- und Wettbewerbsanalysen.\",\"inLanguage\":\"en-US\",\"potentialAction\":[{\"@type\":\"ReadAction\",\"target\":[\"https:\/\/agentur.goldstueck.com\/en\/consulting\/\"]}]},{\"@type\":\"WebSite\",\"@id\":\"https:\/\/agentur.goldstueck.com\/#website\",\"url\":\"https:\/\/agentur.goldstueck.com\/\",\"name\":\"Goldst\u00fcck Agentur\",\"description\":\"PR, Influencer Relations, Marketing in Deutschland, DACH, Benelux, Polen\",\"potentialAction\":[{\"@type\":\"SearchAction\",\"target\":{\"@type\":\"EntryPoint\",\"urlTemplate\":\"https:\/\/agentur.goldstueck.com\/?s={search_term_string}\"},\"query-input\":{\"@type\":\"PropertyValueSpecification\",\"valueRequired\":true,\"valueName\":\"search_term_string\"}}],\"inLanguage\":\"en-US\"}]}<\/script>\n<!-- \/ Yoast SEO plugin. -->","yoast_head_json":{"title":"Goldst\u00fcck - Strategie f\u00fcr selektive Beauty- und Lifestyle-Marken","description":"Goldst\u00fcck ber\u00e4t Beauty- und Lifestyle-Marken bei der Positionierung im deutschen Markt. Wir liefern Strategie-Workshops, Markt- und Wettbewerbsanalysen.","robots":{"index":"index","follow":"follow","max-snippet":"max-snippet:-1","max-image-preview":"max-image-preview:large","max-video-preview":"max-video-preview:-1"},"canonical":"https:\/\/agentur.goldstueck.com\/en\/consulting\/","og_locale":"en_US","og_type":"article","og_title":"Goldst\u00fcck - Strategie f\u00fcr selektive Beauty- und Lifestyle-Marken","og_description":"Goldst\u00fcck ber\u00e4t Beauty- und Lifestyle-Marken bei der Positionierung im deutschen Markt. Wir liefern Strategie-Workshops, Markt- und Wettbewerbsanalysen.","og_url":"https:\/\/agentur.goldstueck.com\/en\/consulting\/","og_site_name":"Goldst\u00fcck Agentur","twitter_card":"summary_large_image","twitter_misc":{"Est. reading time":"1 minute"},"schema":{"@context":"https:\/\/schema.org","@graph":[{"@type":"WebPage","@id":"https:\/\/agentur.goldstueck.com\/en\/consulting\/","url":"https:\/\/agentur.goldstueck.com\/en\/consulting\/","name":"Goldst\u00fcck - Strategie f\u00fcr selektive Beauty- und Lifestyle-Marken","isPartOf":{"@id":"https:\/\/agentur.goldstueck.com\/#website"},"datePublished":"2023-04-19T11:05:54+00:00","description":"Goldst\u00fcck ber\u00e4t Beauty- und Lifestyle-Marken bei der Positionierung im deutschen Markt. Wir liefern Strategie-Workshops, Markt- und Wettbewerbsanalysen.","inLanguage":"en-US","potentialAction":[{"@type":"ReadAction","target":["https:\/\/agentur.goldstueck.com\/en\/consulting\/"]}]},{"@type":"WebSite","@id":"https:\/\/agentur.goldstueck.com\/#website","url":"https:\/\/agentur.goldstueck.com\/","name":"Goldst\u00fcck Agentur","description":"PR, Influencer Relations, Marketing in Deutschland, DACH, Benelux, Polen","potentialAction":[{"@type":"SearchAction","target":{"@type":"EntryPoint","urlTemplate":"https:\/\/agentur.goldstueck.com\/?s={search_term_string}"},"query-input":{"@type":"PropertyValueSpecification","valueRequired":true,"valueName":"search_term_string"}}],"inLanguage":"en-US"}]}},"_links":{"self":[{"href":"https:\/\/agentur.goldstueck.com\/en\/wp-json\/wp\/v2\/pages\/13571","targetHints":{"allow":["GET"]}}],"collection":[{"href":"https:\/\/agentur.goldstueck.com\/en\/wp-json\/wp\/v2\/pages"}],"about":[{"href":"https:\/\/agentur.goldstueck.com\/en\/wp-json\/wp\/v2\/types\/page"}],"author":[{"embeddable":true,"href":"https:\/\/agentur.goldstueck.com\/en\/wp-json\/wp\/v2\/users\/1"}],"replies":[{"embeddable":true,"href":"https:\/\/agentur.goldstueck.com\/en\/wp-json\/wp\/v2\/comments?post=13571"}],"version-history":[{"count":0,"href":"https:\/\/agentur.goldstueck.com\/en\/wp-json\/wp\/v2\/pages\/13571\/revisions"}],"wp:attachment":[{"href":"https:\/\/agentur.goldstueck.com\/en\/wp-json\/wp\/v2\/media?parent=13571"}],"curies":[{"name":"wp","href":"https:\/\/api.w.org\/{rel}","templated":true}]}}