{"id":13579,"date":"2023-04-19T13:20:01","date_gmt":"2023-04-19T11:20:01","guid":{"rendered":"https:\/\/agentur.goldstueck.com\/consulting\/nachhaltigkeit-csr\/"},"modified":"2023-04-19T13:20:01","modified_gmt":"2023-04-19T11:20:01","slug":"nachhaltigkeit-csr","status":"publish","type":"page","link":"https:\/\/agentur.goldstueck.com\/en\/consulting\/nachhaltigkeit-csr\/","title":{"rendered":"Nachhaltigkeit &#038; CSR"},"content":{"rendered":"\r\n<h3 class=\"wp-block-heading\">Nachhaltigkeits- und CSR Beratung f\u00fcr inhabergef\u00fchrte Lifestyle-Unternehmen<\/h3>\r\n\r\n\r\n\r\n<p>Die Frage nach der Nachhaltigkeit von Unternehmen und ihrer CSR (Corporate Social Responsibility) richtet sich schon lange nicht mehr nur an die gro\u00dfen Konzerne. <br \/>Auch inhabergef\u00fchrte Unternehmen m\u00fcssen auf die Frage nach ihrem Nachhaltigkeits-Verhalten schnell und pr\u00e4zise antworten. Da kommen noch einige ins Schleudern &#8211; was ist Nachhaltigkeit, was ist CRS, ist das nicht furchtbar teuer, k\u00f6nnen wir uns das \u00fcberhaupt leisten?<\/p>\r\n\r\n\r\n\r\n<p><em><strong>Tue Gutes und rede dar\u00fcber! <\/strong><\/em><br \/>Viele Hersteller von Nischenmarken sind in ihren Unternehmensprozessen und-strukturen bereits sehr viel nachhaltiger organisiert als die Gro\u00dfen. So gen\u00fcgt es oft schon, die internen Prozesse zu untersuchen und die Ergebnisse in einem Dokument zusammenzufassen.<\/p>\r\n\r\n\r\n\r\n<p>Die Goldst\u00fcck Agentur arbeitet seit 2007 mit inhabergef\u00fchrten Unternehmen aus den Bereichen Parfum, Kosmetik, Mode, Wohn-Accessoires und M\u00f6bel zusammen. <br \/>Nachhaltigkeit hat bei der Auswahl unserer Kunden und Partner schon immer eine gro\u00dfe Rolle gespielt. <br \/>Wir kennen uns aus mit \u00d6ko-Zertifikaten, Inhaltsstoffen, den Anspr\u00fcchen von Konsumenten an Verpackung und Design. Dazu wissen wir, wie man mit dem Kunden und mit der Presse kommuniziert.<\/p>\r\n\r\n\r\n\r\n<p>Unsere langj\u00e4hrige Erfahrung b\u00fcndeln wir in attraktiven Nachhaltigkeits-Workshops f\u00fcr inhabergef\u00fchrte Unternehmen<\/p>\r\n\r\n\r\n\r\n<p><strong>Die Workshops beinhalten <\/strong><\/p>\r\n\r\n\r\n\r\n<ul class=\"wp-block-list\">\r\n<li>Einf\u00fchrung zum Thema Nachhaltigkeit<\/li>\r\n<li>Analyse der Ist-Situation im Unternehmen:\r\n<ul>\r\n<li>Untersuchung der internen Prozesse im Hinblick auf Produkt, Lieferanten, Logistik, Mitarbeiter und Kommunikation<\/li>\r\n<li>was haben wir bereits erreicht, was k\u00f6nnen wir besser machen<\/li>\r\n<\/ul>\r\n<\/li>\r\n<li>Setzen realistischer Ziele\r\n<ul>\r\n<li>was wollen wir erreichen, was m\u00fcssen wir erreichen<\/li>\r\n<li>Entwicklung eines 5-Jahres Plans<\/li>\r\n<\/ul>\r\n<\/li>\r\n<li>Kosten-Analyse\r\n<ul>\r\n<li>was wird es kosten, wie k\u00f6nnen wir es bezahlen<\/li>\r\n<\/ul>\r\n<\/li>\r\n<li>Kommunikation der bisher erreichten Nachhaltigkeit und der zuk\u00fcnftigen Ziele\r\n<ul>\r\n<li>Erarbeiten von Dokumenten f\u00fcr Website, interne Kommunikation, PR-Portale<\/li>\r\n<\/ul>\r\n<\/li>\r\n<li>Regelm\u00e4\u00dfige Revision der formulierten Ziele und Fortschritte<\/li>\r\n<\/ul>\r\n\r\n\r\n\r\n<p>Unsere Nachhaltigkeits-Beratung und Workshops berechnen wir nach Aufwand<\/p>\r\n\r\n\r\n\r\n\r\n\r\n<h3 class=\"wp-block-heading\">Sustainability &amp; CSR consulting for owner-led companies<\/h3>\r\n\r\n\r\n\r\n<p>The sustainability-question of companies and their CSR (Corporate Social Responsibility) has long since ceased to be addressed only to large corporations. <br \/>Owner-managed companies, too, must answer the question of their sustainability behaviour quickly and precisely. There are still a few who are getting off to a bad start \u2013 what is sustainability, what is CRS, isn\u2019t it terribly expensive, can we even afford it?<\/p>\r\n\r\n\r\n\r\n<p><strong><em>Do good and talk about it! <\/em><\/strong><br \/>Many manufacturers of niche brands are already very sustainable, so it is often enough to examine the internal processes and summarise the results in a document.<\/p>\r\n\r\n\r\n\r\n<p>Since 2007, Goldst\u00fcck Agentur has been working with owner-managed companies in the fields of perfume, cosmetics, fashion, home accessories and furniture. <br \/>Sustainability has always played a major role in the selection of our customers and partners. <br \/>We are familiar with eco-certificates, ingredients, the demands of consumers on packaging and design. We also know how to communicate with customers and the press.<\/p>\r\n\r\n\r\n\r\n<p>We bundle our many years of experience in attractive sustainability workshops for owner-managed companies<\/p>\r\n\r\n\r\n\r\n<p><strong>The workshops include<\/strong><\/p>\r\n\r\n\r\n\r\n<ul class=\"wp-block-list\">\r\n<li>Introduction to the topic of sustainability<\/li>\r\n<li>Analysis of the current situation in the company:\r\n<ul>\r\n<li>Examination of the internal processes with regard to product, suppliers, logistics, employees and communication<\/li>\r\n<li>what have we already achieved, what can we do better<\/li>\r\n<\/ul>\r\n<\/li>\r\n<li>Setting realistic goals\r\n<ul>\r\n<li>what do we want to achieve, what do we need to achieve<\/li>\r\n<li>Development of a 5-year plan<\/li>\r\n<\/ul>\r\n<\/li>\r\n<li>Cost analysis\r\n<ul>\r\n<li>what will it cost, how can we pay it<\/li>\r\n<\/ul>\r\n<\/li>\r\n<li>Communication of the sustainability achieved so far and future goals\r\n<ul>\r\n<li>Development of documents for websites, internal communication, PR portals<\/li>\r\n<\/ul>\r\n<\/li>\r\n<li>Regular review of the objectives set and progress made<\/li>\r\n<\/ul>\r\n\r\n\r\n\r\n<p>The fees for our sustainability consulting and workshops are defined according to time and effort<\/p>\r\n","protected":false},"excerpt":{"rendered":"<p>Nachhaltigkeits- und CSR Beratung f\u00fcr inhabergef\u00fchrte Lifestyle-Unternehmen Die Frage nach der Nachhaltigkeit von Unternehmen und ihrer CSR (Corporate Social Responsibility) richtet sich schon lange nicht mehr nur an die gro\u00dfen Konzerne. Auch inhabergef\u00fchrte Unternehmen m\u00fcssen auf die Frage nach ihrem Nachhaltigkeits-Verhalten schnell und pr\u00e4zise antworten. Da kommen noch einige ins Schleudern &#8211; was ist Nachhaltigkeit, [&hellip;]<\/p>\n","protected":false},"author":1,"featured_media":0,"parent":13571,"menu_order":0,"comment_status":"closed","ping_status":"closed","template":"","meta":{"_acf_changed":false,"_monsterinsights_skip_tracking":false,"_monsterinsights_sitenote_active":false,"_monsterinsights_sitenote_note":"","_monsterinsights_sitenote_category":0,"footnotes":""},"class_list":["post-13579","page","type-page","status-publish","hentry"],"acf":[],"yoast_head":"<!-- This site is optimized with the Yoast SEO plugin v26.6 - https:\/\/yoast.com\/wordpress\/plugins\/seo\/ -->\n<title>Nachhaltigkeit- &amp; CSR Beratung f\u00fcr inhabergef\u00fchrte Lifestyle Unternehmen<\/title>\n<meta name=\"description\" content=\"Goldst\u00fcck bietet CSR- &amp; Nachhaltigkeits-Beratung f\u00fcr inhabergef\u00fchrte Unternehmen in den Bereichen Kosmetik, Porzellan, M\u00f6bel, Mode - 15 Jahre Erfahrung\" \/>\n<meta name=\"robots\" content=\"index, follow, max-snippet:-1, max-image-preview:large, max-video-preview:-1\" \/>\n<link rel=\"canonical\" href=\"https:\/\/agentur.goldstueck.com\/en\/consulting\/nachhaltigkeit-csr\/\" \/>\n<meta property=\"og:locale\" content=\"en_US\" \/>\n<meta property=\"og:type\" content=\"article\" \/>\n<meta property=\"og:title\" content=\"Nachhaltigkeit- &amp; CSR Beratung f\u00fcr inhabergef\u00fchrte Lifestyle Unternehmen\" \/>\n<meta property=\"og:description\" content=\"Goldst\u00fcck bietet CSR- &amp; Nachhaltigkeits-Beratung f\u00fcr inhabergef\u00fchrte Unternehmen in den Bereichen Kosmetik, Porzellan, M\u00f6bel, Mode - 15 Jahre Erfahrung\" \/>\n<meta property=\"og:url\" content=\"https:\/\/agentur.goldstueck.com\/en\/consulting\/nachhaltigkeit-csr\/\" \/>\n<meta property=\"og:site_name\" content=\"Goldst\u00fcck Agentur\" \/>\n<meta name=\"twitter:card\" content=\"summary_large_image\" \/>\n<meta name=\"twitter:label1\" content=\"Est. reading time\" \/>\n\t<meta name=\"twitter:data1\" content=\"3 minutes\" \/>\n<script type=\"application\/ld+json\" class=\"yoast-schema-graph\">{\"@context\":\"https:\/\/schema.org\",\"@graph\":[{\"@type\":\"WebPage\",\"@id\":\"https:\/\/agentur.goldstueck.com\/en\/consulting\/nachhaltigkeit-csr\/\",\"url\":\"https:\/\/agentur.goldstueck.com\/en\/consulting\/nachhaltigkeit-csr\/\",\"name\":\"Nachhaltigkeit- & CSR Beratung f\u00fcr inhabergef\u00fchrte Lifestyle Unternehmen\",\"isPartOf\":{\"@id\":\"https:\/\/agentur.goldstueck.com\/#website\"},\"datePublished\":\"2023-04-19T11:20:01+00:00\",\"description\":\"Goldst\u00fcck bietet CSR- & Nachhaltigkeits-Beratung f\u00fcr inhabergef\u00fchrte Unternehmen in den Bereichen Kosmetik, Porzellan, M\u00f6bel, Mode - 15 Jahre Erfahrung\",\"breadcrumb\":{\"@id\":\"https:\/\/agentur.goldstueck.com\/en\/consulting\/nachhaltigkeit-csr\/#breadcrumb\"},\"inLanguage\":\"en-US\",\"potentialAction\":[{\"@type\":\"ReadAction\",\"target\":[\"https:\/\/agentur.goldstueck.com\/en\/consulting\/nachhaltigkeit-csr\/\"]}]},{\"@type\":\"BreadcrumbList\",\"@id\":\"https:\/\/agentur.goldstueck.com\/en\/consulting\/nachhaltigkeit-csr\/#breadcrumb\",\"itemListElement\":[{\"@type\":\"ListItem\",\"position\":1,\"name\":\"Consulting\",\"item\":\"https:\/\/agentur.goldstueck.com\/en\/consulting\/\"},{\"@type\":\"ListItem\",\"position\":2,\"name\":\"Nachhaltigkeit &#038; CSR\"}]},{\"@type\":\"WebSite\",\"@id\":\"https:\/\/agentur.goldstueck.com\/#website\",\"url\":\"https:\/\/agentur.goldstueck.com\/\",\"name\":\"Goldst\u00fcck Agentur\",\"description\":\"PR, Influencer Relations, Marketing in Deutschland, DACH, Benelux, Polen\",\"potentialAction\":[{\"@type\":\"SearchAction\",\"target\":{\"@type\":\"EntryPoint\",\"urlTemplate\":\"https:\/\/agentur.goldstueck.com\/?s={search_term_string}\"},\"query-input\":{\"@type\":\"PropertyValueSpecification\",\"valueRequired\":true,\"valueName\":\"search_term_string\"}}],\"inLanguage\":\"en-US\"}]}<\/script>\n<!-- \/ Yoast SEO plugin. -->","yoast_head_json":{"title":"Nachhaltigkeit- & CSR Beratung f\u00fcr inhabergef\u00fchrte Lifestyle Unternehmen","description":"Goldst\u00fcck bietet CSR- & Nachhaltigkeits-Beratung f\u00fcr inhabergef\u00fchrte Unternehmen in den Bereichen Kosmetik, Porzellan, M\u00f6bel, Mode - 15 Jahre Erfahrung","robots":{"index":"index","follow":"follow","max-snippet":"max-snippet:-1","max-image-preview":"max-image-preview:large","max-video-preview":"max-video-preview:-1"},"canonical":"https:\/\/agentur.goldstueck.com\/en\/consulting\/nachhaltigkeit-csr\/","og_locale":"en_US","og_type":"article","og_title":"Nachhaltigkeit- & CSR Beratung f\u00fcr inhabergef\u00fchrte Lifestyle Unternehmen","og_description":"Goldst\u00fcck bietet CSR- & Nachhaltigkeits-Beratung f\u00fcr inhabergef\u00fchrte Unternehmen in den Bereichen Kosmetik, Porzellan, M\u00f6bel, Mode - 15 Jahre Erfahrung","og_url":"https:\/\/agentur.goldstueck.com\/en\/consulting\/nachhaltigkeit-csr\/","og_site_name":"Goldst\u00fcck Agentur","twitter_card":"summary_large_image","twitter_misc":{"Est. reading time":"3 minutes"},"schema":{"@context":"https:\/\/schema.org","@graph":[{"@type":"WebPage","@id":"https:\/\/agentur.goldstueck.com\/en\/consulting\/nachhaltigkeit-csr\/","url":"https:\/\/agentur.goldstueck.com\/en\/consulting\/nachhaltigkeit-csr\/","name":"Nachhaltigkeit- & CSR Beratung f\u00fcr inhabergef\u00fchrte Lifestyle Unternehmen","isPartOf":{"@id":"https:\/\/agentur.goldstueck.com\/#website"},"datePublished":"2023-04-19T11:20:01+00:00","description":"Goldst\u00fcck bietet CSR- & Nachhaltigkeits-Beratung f\u00fcr inhabergef\u00fchrte Unternehmen in den Bereichen Kosmetik, Porzellan, M\u00f6bel, Mode - 15 Jahre Erfahrung","breadcrumb":{"@id":"https:\/\/agentur.goldstueck.com\/en\/consulting\/nachhaltigkeit-csr\/#breadcrumb"},"inLanguage":"en-US","potentialAction":[{"@type":"ReadAction","target":["https:\/\/agentur.goldstueck.com\/en\/consulting\/nachhaltigkeit-csr\/"]}]},{"@type":"BreadcrumbList","@id":"https:\/\/agentur.goldstueck.com\/en\/consulting\/nachhaltigkeit-csr\/#breadcrumb","itemListElement":[{"@type":"ListItem","position":1,"name":"Consulting","item":"https:\/\/agentur.goldstueck.com\/en\/consulting\/"},{"@type":"ListItem","position":2,"name":"Nachhaltigkeit &#038; CSR"}]},{"@type":"WebSite","@id":"https:\/\/agentur.goldstueck.com\/#website","url":"https:\/\/agentur.goldstueck.com\/","name":"Goldst\u00fcck Agentur","description":"PR, Influencer Relations, Marketing in Deutschland, DACH, Benelux, Polen","potentialAction":[{"@type":"SearchAction","target":{"@type":"EntryPoint","urlTemplate":"https:\/\/agentur.goldstueck.com\/?s={search_term_string}"},"query-input":{"@type":"PropertyValueSpecification","valueRequired":true,"valueName":"search_term_string"}}],"inLanguage":"en-US"}]}},"_links":{"self":[{"href":"https:\/\/agentur.goldstueck.com\/en\/wp-json\/wp\/v2\/pages\/13579","targetHints":{"allow":["GET"]}}],"collection":[{"href":"https:\/\/agentur.goldstueck.com\/en\/wp-json\/wp\/v2\/pages"}],"about":[{"href":"https:\/\/agentur.goldstueck.com\/en\/wp-json\/wp\/v2\/types\/page"}],"author":[{"embeddable":true,"href":"https:\/\/agentur.goldstueck.com\/en\/wp-json\/wp\/v2\/users\/1"}],"replies":[{"embeddable":true,"href":"https:\/\/agentur.goldstueck.com\/en\/wp-json\/wp\/v2\/comments?post=13579"}],"version-history":[{"count":0,"href":"https:\/\/agentur.goldstueck.com\/en\/wp-json\/wp\/v2\/pages\/13579\/revisions"}],"up":[{"embeddable":true,"href":"https:\/\/agentur.goldstueck.com\/en\/wp-json\/wp\/v2\/pages\/13571"}],"wp:attachment":[{"href":"https:\/\/agentur.goldstueck.com\/en\/wp-json\/wp\/v2\/media?parent=13579"}],"curies":[{"name":"wp","href":"https:\/\/api.w.org\/{rel}","templated":true}]}}